{"id":84,"date":"2024-11-08T18:28:23","date_gmt":"2024-11-08T17:28:23","guid":{"rendered":"https:\/\/strzelba.org.pl\/?page_id=84"},"modified":"2025-07-26T20:52:51","modified_gmt":"2025-07-26T18:52:51","slug":"co-jest-co-czyli-skrotowo-o-czyms","status":"publish","type":"page","link":"https:\/\/strzelba.org.pl\/index.php\/co-jest-co-czyli-skrotowo-o-czyms\/","title":{"rendered":"Co jest co &#8211; czyli skr\u00f3towo o czym\u015b ;)"},"content":{"rendered":"\n<p><strong>Co to te opcje broni na zawodach?<\/strong><\/p>\n\n\n\n<p>Mo\u017cna o tym przeczyta\u0107 w <a href=\"https:\/\/ipsc-pl.org\/images\/przepisy_2024\/IPSC_Strzelba_PL_2024.pdf\" data-type=\"link\" data-id=\"https:\/\/ipsc-pl.org\/images\/przepisy_2024\/IPSC_Strzelba_PL_2024.pdf\">przepisach IPSC<\/a> w rozdziale 8.1.1, ale te\u017c mo\u017cemy to wyja\u015bni\u0107*.<br>Mamy trzy opcje broni na starcie (pami\u0119taj by \u0142adowa\u0107 dopiero po zezwoleniu przez s\u0119dziego!):<br>1. Opcja 1 &#8211; czyli nab\u00f3j w komorze i 8 szt (w wypadku Standarda i Manuala) lub 13 (w wypadku Moda) w magazynku na starcie. Bro\u0144 zabezpieczona, co oznacza, \u017ce po sygnale timera musimy odbezpieczy\u0107 bro\u0144 i mo\u017cemy odda\u0107 strza\u0142 do celu.<br>2. Opcja 2 &#8211; czyli mamy pust\u0105 komor\u0119, a w magazynku odpowiednio 9 lub 13 szt, bro\u0144 jest odbezpieczona (oczywi\u015bcie nie jest to obowi\u0105zek). Po sygnale startowym nale\u017cy wprowadzi\u0107 nab\u00f3j do komory czy to poprzez prze\u0142adowanie czy w inny spos\u00f3b (np prze\u0142adowanie w 1301 gdy jest nab\u00f3j na \u0142y\u017cce).<br>3. Opcja 3 &#8211; czyli jeste\u015bmy na pusto i \u0142adujemy, potem \u0142adujemy i jeszcze \u0142adujemy \ud83d\ude09<\/p>\n\n\n\n<p>*pomin\u0119 Opena<\/p>\n\n\n\n<p><\/p>\n\n\n\n<p><strong>Co to ten egzamin kompetencyjny i po co mi to?<\/strong><\/p>\n\n\n\n<p>Jest to egzamin teoretyczny i praktyczny, kt\u00f3ry sprawdza nasz\u0105 wiedz\u0119 i umiej\u0119tno\u015bci. Po jego zdaniu mo\u017cna op\u0142aci\u0107 sk\u0142adk\u0119 i startowa\u0107 w zawodach wy\u017cszych ni\u017c level 1. Naprawd\u0119 nie ma czego si\u0119 ba\u0107 &#8211; pytania s\u0105 do ogarni\u0119cia, a do\u015b\u0107 cz\u0119sto organizatorzy organizuj\u0105 przygotowanie teoretyczne przed egzaminem.<br>Terminy egzamin\u00f3w znajdziesz na stronie g\u0142\u00f3wnej regionu <a href=\"https:\/\/ipsc-pl.org\/\">https:\/\/ipsc-pl.org\/<\/a> a opis jak wygl\u0105da cz\u0119\u015b\u0107 praktyczna znajdziesz na na tym filmiku: <a href=\"https:\/\/www.youtube.com\/watch?v=kJdBo16m07Q\">https:\/\/www.youtube.com\/watch?v=kJdBo16m07Q<\/a><br>No tak, zdaje si\u0119 go na pistolecie &#8211; mo\u017cna to uzna\u0107 za pewnego rodzaju minus&#8230;<\/p>\n","protected":false},"excerpt":{"rendered":"<p>Co to te opcje broni na zawodach? Mo\u017cna o tym przeczyta\u0107 w przepisach IPSC w rozdziale 8.1.1, ale te\u017c mo\u017cemy to wyja\u015bni\u0107*.Mamy trzy opcje broni na starcie (pami\u0119taj by \u0142adowa\u0107 dopiero po zezwoleniu przez s\u0119dziego!):1. Opcja 1 &#8211; czyli nab\u00f3j w komorze i 8 szt (w wypadku Standarda i Manuala) lub 13 (w wypadku Moda) [&hellip;]<\/p>\n","protected":false},"author":2,"featured_media":0,"parent":0,"menu_order":0,"comment_status":"closed","ping_status":"closed","template":"","meta":{"footnotes":""},"class_list":["post-84","page","type-page","status-publish","hentry"],"_links":{"self":[{"href":"https:\/\/strzelba.org.pl\/index.php\/wp-json\/wp\/v2\/pages\/84","targetHints":{"allow":["GET"]}}],"collection":[{"href":"https:\/\/strzelba.org.pl\/index.php\/wp-json\/wp\/v2\/pages"}],"about":[{"href":"https:\/\/strzelba.org.pl\/index.php\/wp-json\/wp\/v2\/types\/page"}],"author":[{"embeddable":true,"href":"https:\/\/strzelba.org.pl\/index.php\/wp-json\/wp\/v2\/users\/2"}],"replies":[{"embeddable":true,"href":"https:\/\/strzelba.org.pl\/index.php\/wp-json\/wp\/v2\/comments?post=84"}],"version-history":[{"count":2,"href":"https:\/\/strzelba.org.pl\/index.php\/wp-json\/wp\/v2\/pages\/84\/revisions"}],"predecessor-version":[{"id":104,"href":"https:\/\/strzelba.org.pl\/index.php\/wp-json\/wp\/v2\/pages\/84\/revisions\/104"}],"wp:attachment":[{"href":"https:\/\/strzelba.org.pl\/index.php\/wp-json\/wp\/v2\/media?parent=84"}],"curies":[{"name":"wp","href":"https:\/\/api.w.org\/{rel}","templated":true}]}}