{"id":39,"date":"2024-11-08T07:55:04","date_gmt":"2024-11-08T06:55:04","guid":{"rendered":"https:\/\/strzelba.org.pl\/?page_id=39"},"modified":"2024-11-09T21:31:02","modified_gmt":"2024-11-09T20:31:02","slug":"cos-o-klasach-sprzetowych","status":"publish","type":"page","link":"https:\/\/strzelba.org.pl\/index.php\/cos-o-klasach-sprzetowych\/","title":{"rendered":"Co\u015b o klasach sprz\u0119towych"},"content":{"rendered":"\n<p>Aktualnie w strzelbie dynamicznej mamy cztery klasy sprz\u0119towe. Co to oznacza? Jakiego rodzaju strzelb\u0119 masz i jakiego rodzaju na niej wyposa\u017cenie jest zamontowane, w takiej klasie mo\u017cesz startowa\u0107.<\/p>\n\n\n\n<p>Nie przejmuj si\u0119. Na zawodach klubowych b\u0119dziesz pewnie mia\u0142 podzia\u0142 na pompk\u0119 i reszt\u0119. Zazwyczaj organizatorzy staraj\u0105 si\u0119 przypisa\u0107 do jednej z tych dw\u00f3ch grup sprz\u0119t z jakim startuj\u0105 zawodnicy. Zazwyczaj te\u017c pocz\u0105tkuj\u0105ca osoba ma po prostu pompk\u0119 lub automat&#8230; ale zr\u00f3bmy to jak powinno by\u0107. Podzia\u0142, kt\u00f3ry prezentuj\u0119 poni\u017cej jest uproszczony. W razie potrzeby zapraszam do <a href=\"https:\/\/ipsc-pl.org\/images\/przepisy_2024\/IPSC_Strzelba_PL_2024.pdf\" data-type=\"link\" data-id=\"https:\/\/ipsc-pl.org\/images\/przepisy_2024\/IPSC_Strzelba_PL_2024.pdf\">przepis\u00f3w ipsc<\/a>, a g\u0142\u00f3wnie do za\u0142\u0105cznika D.<\/p>\n\n\n\n<p><strong>Strzelba Standard Manual<\/strong><\/p>\n\n\n\n<p>Czyli popularne pompki. Mo\u017cesz mie\u0107 wi\u0119kszy magazynek, mo\u017cesz mie\u0107 \u015bwiat\u0142owodowe przyrz\u0105dy.<\/p>\n\n\n\n<p><strong>Strzelba Standard<\/strong><\/p>\n\n\n\n<p>Czyli popularne automaty. Jak w manualu mo\u017cesz mie\u0107 d\u0142u\u017cszy magazynek, przyrz\u0105dy \u015bwiat\u0142owodowe.<\/p>\n\n\n\n<p><strong>Strzelba Modified<\/strong><\/p>\n\n\n\n<p>Po prostu automat (lub pompka bo czasem zdarzy si\u0119 taki maniak, ale czy to ma sens?)  z kolimatorem i kompensatorem. Kompensator zmniejszy odrzut, a kolimator u\u0142atwi celowanie.<\/p>\n\n\n\n<p><strong>Strzelba Open<\/strong><\/p>\n\n\n\n<p>Og\u00f3lnie wszystko co jest podobne do AR i Ka\u0142acha i strzela amunicj\u0105 strzelbow\u0105 \ud83d\ude09 Dawniej by\u0142y jeszcze strzelby w szybko\u0142a&#8230; ale niewa\u017cne. Teraz tego nikt nie u\u017cywa. Masz po prostu strzelb\u0119 wygl\u0105daj\u0105c\u0105 jak karabin, kolimator i magazynki za pasem i si\u0119 bawisz.<\/p>\n\n\n\n<p><strong>&#8212;&#8212;&#8212;&#8212;&#8212;&#8212;&#8212;&#8212;&#8212;&#8212;&#8212;&#8212;&#8212;&#8212;&#8212;&#8212;&#8212;&#8212;&#8212;&#8212;&#8212;&#8212;&#8212;&#8212;&#8212;&#8212;&#8212;&#8212;&#8212;&#8212;&#8212;&#8212;&#8212;&#8212;&#8212;&#8212;&#8212;&#8212;&#8212;&#8212;&#8212;&#8212;&#8212;&#8212;&#8212;&#8212;&#8212;&#8212;&#8212;&#8212;&#8212;&#8212;&#8212;&#8212;&#8212;&#8212;&#8211;<\/strong><\/p>\n\n\n\n<p>Podzia\u0142 przedstawi\u0142em naprawd\u0119 w mega uproszczeniu, bo zaraz kto\u015b powie, \u017ce Jerry Miculek dalej w Openie u\u017cywa automatu i ma szybko\u0142adowacze rurowe i&#8230; ale w 99,9% zawodnicy u\u017cywaj\u0105 po prostu strzelby wygl\u0105daj\u0105cej jak karabin.<\/p>\n\n\n\n<p>Tak samo w Modzie mo\u017cesz startowa\u0107 bez kolimatora i kompensatora, a \u0142adowa\u0107 13 + 1 na starcie. Dlatego linkuj\u0119 <a href=\"https:\/\/ipsc-pl.org\/images\/przepisy_2024\/IPSC_Strzelba_PL_2024.pdf\" data-type=\"link\" data-id=\"https:\/\/ipsc-pl.org\/images\/przepisy_2024\/IPSC_Strzelba_PL_2024.pdf\">przepisy ipsc<\/a>, a tutaj przekazuj\u0119 uproszczony podzia\u0142, dla kogo\u015b kto dopiero my\u015bli o strzelbie dynamicznej \ud83d\ude09<\/p>\n","protected":false},"excerpt":{"rendered":"<p>Aktualnie w strzelbie dynamicznej mamy cztery klasy sprz\u0119towe. Co to oznacza? Jakiego rodzaju strzelb\u0119 masz i jakiego rodzaju na niej wyposa\u017cenie jest zamontowane, w takiej klasie mo\u017cesz startowa\u0107. Nie przejmuj si\u0119. Na zawodach klubowych b\u0119dziesz pewnie mia\u0142 podzia\u0142 na pompk\u0119 i reszt\u0119. Zazwyczaj organizatorzy staraj\u0105 si\u0119 przypisa\u0107 do jednej z tych dw\u00f3ch grup sprz\u0119t z [&hellip;]<\/p>\n","protected":false},"author":2,"featured_media":0,"parent":0,"menu_order":0,"comment_status":"closed","ping_status":"closed","template":"","meta":{"footnotes":""},"class_list":["post-39","page","type-page","status-publish","hentry"],"_links":{"self":[{"href":"https:\/\/strzelba.org.pl\/index.php\/wp-json\/wp\/v2\/pages\/39","targetHints":{"allow":["GET"]}}],"collection":[{"href":"https:\/\/strzelba.org.pl\/index.php\/wp-json\/wp\/v2\/pages"}],"about":[{"href":"https:\/\/strzelba.org.pl\/index.php\/wp-json\/wp\/v2\/types\/page"}],"author":[{"embeddable":true,"href":"https:\/\/strzelba.org.pl\/index.php\/wp-json\/wp\/v2\/users\/2"}],"replies":[{"embeddable":true,"href":"https:\/\/strzelba.org.pl\/index.php\/wp-json\/wp\/v2\/comments?post=39"}],"version-history":[{"count":7,"href":"https:\/\/strzelba.org.pl\/index.php\/wp-json\/wp\/v2\/pages\/39\/revisions"}],"predecessor-version":[{"id":109,"href":"https:\/\/strzelba.org.pl\/index.php\/wp-json\/wp\/v2\/pages\/39\/revisions\/109"}],"wp:attachment":[{"href":"https:\/\/strzelba.org.pl\/index.php\/wp-json\/wp\/v2\/media?parent=39"}],"curies":[{"name":"wp","href":"https:\/\/api.w.org\/{rel}","templated":true}]}}