{"id":26,"date":"2024-11-08T07:23:38","date_gmt":"2024-11-08T06:23:38","guid":{"rendered":"https:\/\/strzelba.org.pl\/?page_id=26"},"modified":"2025-07-26T20:53:01","modified_gmt":"2025-07-26T18:53:01","slug":"jakie-zawody","status":"publish","type":"page","link":"https:\/\/strzelba.org.pl\/index.php\/jakie-zawody\/","title":{"rendered":"Jakie zawody"},"content":{"rendered":"\n<p>Zawody to temat rzeka. Trzeba je jako\u015b podzieli\u0107&#8230; Mo\u017ce zr\u00f3bmy to tak bardziej nieoficjalnie. Bo oficjalny podzia\u0142 zawod\u00f3w IPSC znajdziesz oczywi\u015bcie w <a href=\"https:\/\/ipsc-pl.org\/images\/przepisy_2024\/IPSC_Strzelba_PL_2024.pdf\" data-type=\"link\" data-id=\"https:\/\/ipsc-pl.org\/images\/przepisy_2024\/IPSC_Strzelba_PL_2024.pdf\">odpowiednich przepisach<\/a>, do kt\u00f3rych przejrzenia zawsze zach\u0119cam. Przede wszystkim polecam przeczyta\u0107 rozdzia\u0142 8 i zaznajomi\u0107 si\u0119 z komendami.<\/p>\n\n\n\n<ol class=\"wp-block-list\">\n<li>Zawody klubowe.<br>W\u0142a\u015bciwie to b\u0119d\u0105 pierwsze zawody, z kt\u00f3rymi si\u0119 spotkamy na naszej \u015bcie\u017cce strzeleckiej. Zazwyczaj b\u0119dzie to prosty tor maj\u0105cy od 8 do 15 celi. Mo\u017ce okaza\u0107 si\u0119, \u017ce \u0142adowanie strzelby jest ze stolika i w okre\u015blonych miejscach. Ze wzgl\u0119du na r\u00f3\u017cny poziom zawodnik\u00f3w bardzo cz\u0119sto s\u0105 one mocno ograniczone pod wzgl\u0119dem poruszania si\u0119 z za\u0142adowan\u0105 broni\u0105.<br><em>Pami\u0119taj by bro\u0144 \u0142adowa\u0107 dopiero po komendzie od s\u0119dziego!<\/em><br>Je\u017celi s\u0105 to twoje pierwsze zawody nie b\u00f3j si\u0119 powiedzie\u0107 o tym s\u0119dziemu &#8211; na pewno pomo\u017ce i poprowadzi ciebie, tak by by\u0142o bezpiecznie i te\u017c sprawi\u0142o to frajd\u0119.<\/li>\n\n\n\n<li>Zawody level 1.<br>B\u0119d\u0105 to tak naprawd\u0119 pierwsze, prawdziwe zawody IPSC. Zazwyczaj od 4 do 8 tor\u00f3w. Ilo\u015b\u0107 celi od 8 do 28. B\u0119dzie tutaj wi\u0119cej ruchu, \u0142adowania i poruszania si\u0119 po torze. Najlepiej na takie zawody p\u00f3j\u015b\u0107 po kilku klubowych, ale te\u017c nie b\u00f3j si\u0119 ich. One dopiero sprawi\u0105 ci frajd\u0119 i zobaczysz jak wygl\u0105da dynamika. Mo\u017cesz na nich spotka\u0107 i pocz\u0105tkuj\u0105cych strzelc\u00f3w jak i czo\u0142\u00f3wk\u0119 Polski.<br>Na tych zawodach pierwszy raz b\u0119dziesz porusza\u0107 si\u0119 po torach squadem (czyli grup\u0105 4-12 zawodnik\u00f3w), b\u0119dziesz obserwowa\u0142 jak twoje kole\u017canki i koledzy strzelaj\u0105.<br>Przed ka\u017cdym torem s\u0119dzia przeczyta brefing (opis zada\u0144 na torze). Poinformuje ci\u0119 o opcji za\u0142adowania broni oraz dostaniesz 2-3 minuty na zaznajomienie si\u0119 z torem i zaplanowanie swojego przebiegu. Je\u017celi to twoje pierwsze zawody powiedz o tym s\u0119dziemu i swojemu squadowi &#8211; na pewno pomog\u0105 i doradz\u0105. Po przebiegu te\u017c podpowiedz\u0105 co mo\u017cna poprawi\u0107, a co by\u0142o dobrze zrobione. Warto s\u0142ucha\u0107.<br>Na tych zawodach ju\u017c \u0142atwiej z\u0142apa\u0107 s\u0142ynne DQ, ale pami\u0119taj, \u017ce to nie koniec \u015bwiata i jest to co\u015b co pomo\u017ce ci zapami\u0119ta\u0107 czego na przysz\u0142o\u015b\u0107 unika\u0107.<br>Zawsze mo\u017cesz te\u017c poprosi\u0107 o to by kto\u015b nagra\u0142 twoje przebiegi &#8211; sam zobaczysz czy wszystko zrobi\u0142e\u015b dobrze. Czasem te\u017c mo\u017ce si\u0119 okaza\u0107, \u017ce takie nagranie przyda si\u0119 w czasie rozmowy z s\u0119dzi\u0105 \ud83d\ude09<br>Na takich zawodach strzelasz \u015brutem, ale bardzo rzadko mo\u017ce trafi\u0107 si\u0119 te\u017c tor z brenek\u0105\/slugiem i loftk\u0105. Dlatego warto przeczyta\u0107 opis zawod\u00f3w.<br><em>Pami\u0119taj by bro\u0144 \u0142adowa\u0107 dopiero po komendzie od s\u0119dziego!<\/em><\/li>\n\n\n\n<li>Zawody level 2 i 3.<br>Na te zawody wymagany ju\u017c jest egzamin kompetencyjny, a w\u0142a\u015bciwie obecno\u015b\u0107 na li\u015bcie regionu, kt\u00f3ra nie jest mo\u017cliwa bez tego egzaminu i <a href=\"https:\/\/ipsc-pl.org\/jak-zostac-zawodnikiem-ipsc-polska\">odpowiedniej corocznej op\u0142aty<\/a>.<br>Zawody level 2 i 3 sk\u0142adaj\u0105 si\u0119 zazwyczaj od 10 do 24 tor\u00f3w &#8211; pami\u0119taj jednak, \u017ce wymagania minimalne s\u0105 troch\u0119 inne i znajdziesz to opisane w <a href=\"https:\/\/ipsc-pl.org\/images\/przepisy_2024\/IPSC_Strzelba_PL_2024.pdf\">za\u0142\u0105czniku A1<\/a>. Je\u017celi tor\u00f3w jest w okolicach 20 &#8211; 24, to s\u0105 to zawody 2-dniowe. Chocia\u017c widzia\u0142em zawody na 24 tory robione w ci\u0105gu jednego dnia&#8230; no musia\u0142o by\u0107 ci\u0119\u017cko.<br>Czym one si\u0119 r\u00f3\u017cni\u0105 od zawod\u00f3w level 1? Wi\u0119cej tor\u00f3w, bardziej wymagaj\u0105ce tory i tutaj ju\u017c spotkasz strzelanie nie tylko \u015brutem ale i slugiem\/brenek\u0105 oraz loftk\u0105. Warto te elementy prze\u0107wiczy\u0107 przed zawodami, a nie liczy\u0107 na szcz\u0119\u015bcie. <br>Cz\u0119sto zawody level 2 i 3 licz\u0105 si\u0119 do klasyfikacji Pucharu Polski, a jedne z nich mog\u0105 by\u0107 Mistrzostwami Polski.<br><em>Pami\u0119taj by bro\u0144 \u0142adowa\u0107 dopiero po komendzie od s\u0119dziego!<\/em><\/li>\n\n\n\n<li>Zawody level 4 i 5.<br>\u017bycz\u0119 ci, by\u015b pojawia\u0142 si\u0119 na tych zawodach. Oznacza to, \u017ce jeste\u015b ju\u017c naprawd\u0119 bardzo dobrym zawodnikiem i startujesz w Mistrzostwach Europy, Ameryki, Azji, Afryki lub Mistrzostwach \u015awiata. Gratuluj\u0119!<br><em>Pami\u0119taj by bro\u0144 \u0142adowa\u0107 dopiero po komendzie od s\u0119dziego!<\/em><br><\/li>\n<\/ol>\n\n\n\n<p>I na koniec co\u015b dodam:<br><em>Pami\u0119taj by bro\u0144 \u0142adowa\u0107 dopiero po komendzie od s\u0119dziego!<\/em><\/p>\n\n\n\n<p><\/p>\n","protected":false},"excerpt":{"rendered":"<p>Zawody to temat rzeka. Trzeba je jako\u015b podzieli\u0107&#8230; Mo\u017ce zr\u00f3bmy to tak bardziej nieoficjalnie. Bo oficjalny podzia\u0142 zawod\u00f3w IPSC znajdziesz oczywi\u015bcie w odpowiednich przepisach, do kt\u00f3rych przejrzenia zawsze zach\u0119cam. Przede wszystkim polecam przeczyta\u0107 rozdzia\u0142 8 i zaznajomi\u0107 si\u0119 z komendami. I na koniec co\u015b dodam:Pami\u0119taj by bro\u0144 \u0142adowa\u0107 dopiero po komendzie od s\u0119dziego!<\/p>\n","protected":false},"author":2,"featured_media":0,"parent":0,"menu_order":0,"comment_status":"closed","ping_status":"closed","template":"","meta":{"footnotes":""},"class_list":["post-26","page","type-page","status-publish","hentry"],"_links":{"self":[{"href":"https:\/\/strzelba.org.pl\/index.php\/wp-json\/wp\/v2\/pages\/26","targetHints":{"allow":["GET"]}}],"collection":[{"href":"https:\/\/strzelba.org.pl\/index.php\/wp-json\/wp\/v2\/pages"}],"about":[{"href":"https:\/\/strzelba.org.pl\/index.php\/wp-json\/wp\/v2\/types\/page"}],"author":[{"embeddable":true,"href":"https:\/\/strzelba.org.pl\/index.php\/wp-json\/wp\/v2\/users\/2"}],"replies":[{"embeddable":true,"href":"https:\/\/strzelba.org.pl\/index.php\/wp-json\/wp\/v2\/comments?post=26"}],"version-history":[{"count":5,"href":"https:\/\/strzelba.org.pl\/index.php\/wp-json\/wp\/v2\/pages\/26\/revisions"}],"predecessor-version":[{"id":114,"href":"https:\/\/strzelba.org.pl\/index.php\/wp-json\/wp\/v2\/pages\/26\/revisions\/114"}],"wp:attachment":[{"href":"https:\/\/strzelba.org.pl\/index.php\/wp-json\/wp\/v2\/media?parent=26"}],"curies":[{"name":"wp","href":"https:\/\/api.w.org\/{rel}","templated":true}]}}