{"id":167,"date":"2024-11-10T22:53:12","date_gmt":"2024-11-10T21:53:12","guid":{"rendered":"https:\/\/strzelba.org.pl\/?page_id=167"},"modified":"2024-11-14T19:41:58","modified_gmt":"2024-11-14T18:41:58","slug":"czoki","status":"publish","type":"page","link":"https:\/\/strzelba.org.pl\/index.php\/czoki\/","title":{"rendered":"Czoki"},"content":{"rendered":"\n<p>Zawsze s\u0142yszysz: kup strzelb\u0119 z czokami.<\/p>\n\n\n\n<p>No ok, ale po co? Ponownie uproszcz\u0119 temat i zajm\u0119 si\u0119 tylko \u015brutem*. Dalej w uproszczonej wersji.<\/p>\n\n\n\n<p>Czoki mog\u0105 &#8222;sterowa\u0107&#8221; wielko\u015bci\u0105 pola pokrytego wystrzelonym \u015brutem na danej odleg\u0142o\u015bci. Na zawodach oznacza to, \u017ce jak mamy ustawione cele obok siebie i na kr\u00f3tkim lub \u015brednim dystansie, to staramy si\u0119 wybra\u0107 taki czok, kt\u00f3ry spowoduje jak najlepsze i naj\u0142atwiejsze trafienie celi. <br>U\u017cyjesz czoka C (cylinder) lub IC (improved cylinder).<br>Je\u017celi masz cele na dalszej odleg\u0142o\u015bci, lub masz blisko cele No Shoot (kt\u00f3rych nie mo\u017cesz trafi\u0107), to chcesz zaw\u0119zi\u0107 wi\u0105zk\u0119 \u015brutu, tak by mia\u0142a wi\u0119ksz\u0105 si\u0142\u0119 na dalsze cele i\/lub mniejsze pole pokrycia, by trafi\u0107 tylko cel do zestrzelenia, a nie No Shoota. U\u017cyjesz wtedy czoka IM (improved modified) lub M (modified).<br>Czok F (full) b\u0119dzie jak naprawd\u0119 bardzo mocno chcesz zaw\u0119zi\u0107 wi\u0105zk\u0119.<\/p>\n\n\n\n<p>Tutaj jest ciekawy filmik z eksperymentu jak wygl\u0105da takie pokrycie:<br><a href=\"https:\/\/www.youtube.com\/watch?v=geOCv1u0uRA\">https:\/\/www.youtube.com\/watch?v=geOCv1u0uRA<\/a><br><\/p>\n\n\n\n<p>Bardzo zach\u0119cam do samodzielnego sprawdzenia, jak na danej strzelbie dany czok i dana amunicja ma pokrycie. Poniewa\u017c mo\u017ce to by\u0107 zmienne i na pewnym poziomie b\u0119dzie to dla ciebie istotne.<\/p>\n\n\n\n<p>Podsumowuj\u0105c (ponownie upraszczaj\u0105c**):<br>Na pocz\u0105tku b\u0119dziesz stosowa\u0142 czoka C i IC dla tor\u00f3w bez No Shoot\u00f3w na bliskiej i \u015bredniej odleg\u0142o\u015bci, a czok\u00f3w IM i M gdy b\u0119d\u0105 bardzo bliskie No Shooty lub du\u017ca odleg\u0142o\u015b\u0107 celi.<\/p>\n\n\n\n<p>*w wypadku sluga\/breneki i loftki b\u0119dzie troch\u0119 inna zabawa<br>**jak masz tylko z jednej strony No Shoota to mo\u017cesz oczywi\u015bcie dalej strzela\u0107 czokiem C i IC pod warunkiem strzelania w tzw. ducha&#8230; ale to ju\u017c inna historia.<br><br>Ceny czok\u00f3w zale\u017c\u0105 od producenta strzelby. O ile nie masz ich w komplecie to mo\u017cesz je dokupi\u0107. Przyk\u0142adowo popularne strzelby tureckie:<br>Ca\u0142e zestawy: <a href=\"https:\/\/sklep.magazynuzbrojenia.pl\/pl\/p\/Zestaw-czokow-Eternal\/3373\">https:\/\/sklep.magazynuzbrojenia.pl\/pl\/p\/Zestaw-czokow-Eternal\/3373<\/a><br><a href=\"https:\/\/sklep.magazynuzbrojenia.pl\/pl\/p\/Zestaw-czokow-Eternal\/1397\">https:\/\/sklep.magazynuzbrojenia.pl\/pl\/p\/Zestaw-czokow-Eternal\/1397<\/a><br>Strzelby Beretta i Benelli:<br><a href=\"https:\/\/lstargetum.com\/plcrio\">https:\/\/lstargetum.com\/plcrio<\/a><br><a href=\"https:\/\/lstargetum.com\/pl\/p\/Gemini-czok-Optima-HP\/2355\">https:\/\/lstargetum.com\/pl\/p\/Gemini-czok-Optima-HP\/2355<\/a><br><em>Pami\u0119taj by si\u0119 upewni\u0107 czy dany czok pasuje do twojej strzelby!<\/em><\/p>\n","protected":false},"excerpt":{"rendered":"<p>Zawsze s\u0142yszysz: kup strzelb\u0119 z czokami. No ok, ale po co? Ponownie uproszcz\u0119 temat i zajm\u0119 si\u0119 tylko \u015brutem*. Dalej w uproszczonej wersji. Czoki mog\u0105 &#8222;sterowa\u0107&#8221; wielko\u015bci\u0105 pola pokrytego wystrzelonym \u015brutem na danej odleg\u0142o\u015bci. Na zawodach oznacza to, \u017ce jak mamy ustawione cele obok siebie i na kr\u00f3tkim lub \u015brednim dystansie, to staramy si\u0119 wybra\u0107 [&hellip;]<\/p>\n","protected":false},"author":2,"featured_media":0,"parent":0,"menu_order":0,"comment_status":"closed","ping_status":"closed","template":"","meta":{"footnotes":""},"class_list":["post-167","page","type-page","status-publish","hentry"],"_links":{"self":[{"href":"https:\/\/strzelba.org.pl\/index.php\/wp-json\/wp\/v2\/pages\/167","targetHints":{"allow":["GET"]}}],"collection":[{"href":"https:\/\/strzelba.org.pl\/index.php\/wp-json\/wp\/v2\/pages"}],"about":[{"href":"https:\/\/strzelba.org.pl\/index.php\/wp-json\/wp\/v2\/types\/page"}],"author":[{"embeddable":true,"href":"https:\/\/strzelba.org.pl\/index.php\/wp-json\/wp\/v2\/users\/2"}],"replies":[{"embeddable":true,"href":"https:\/\/strzelba.org.pl\/index.php\/wp-json\/wp\/v2\/comments?post=167"}],"version-history":[{"count":2,"href":"https:\/\/strzelba.org.pl\/index.php\/wp-json\/wp\/v2\/pages\/167\/revisions"}],"predecessor-version":[{"id":172,"href":"https:\/\/strzelba.org.pl\/index.php\/wp-json\/wp\/v2\/pages\/167\/revisions\/172"}],"wp:attachment":[{"href":"https:\/\/strzelba.org.pl\/index.php\/wp-json\/wp\/v2\/media?parent=167"}],"curies":[{"name":"wp","href":"https:\/\/api.w.org\/{rel}","templated":true}]}}