{"id":126,"date":"2024-11-09T22:17:39","date_gmt":"2024-11-09T21:17:39","guid":{"rendered":"https:\/\/strzelba.org.pl\/?page_id=126"},"modified":"2025-07-26T20:53:08","modified_gmt":"2025-07-26T18:53:08","slug":"sprezyna-magazynka","status":"publish","type":"page","link":"https:\/\/strzelba.org.pl\/index.php\/sprezyna-magazynka\/","title":{"rendered":"Spr\u0119\u017cyna magazynka"},"content":{"rendered":"\n<p>No \u0142aduje si\u0119 jakbym mia\u0142 kciukiem przepycha\u0107 szaf\u0119&#8230; albo ostatni nab\u00f3j nie chce mi wyj\u015b\u0107&#8230; No to trzeba dokona\u0107 zmiany na spr\u0119\u017cynie magazynka.<br>Je\u017celi ci\u0119\u017cko wchodz\u0105 naboje do magazynka, to warto j\u0105 skr\u00f3ci\u0107. R\u00f3b to ostro\u017cnie i najlepiej miej zapasow\u0105 spr\u0119\u017cyn\u0119. Skracaj po jednym zwoju, tak by nie przedobrzy\u0107.<\/p>\n\n\n\n<p>Je\u017celi naboje nie chc\u0105 wychodzi\u0107 z magazynka, to znaczy \u017ce spr\u0119\u017cyna jest za kr\u00f3tka (za bardzo zosta\u0142a skr\u00f3cona lub by\u0142a przeznaczona do kr\u00f3tszego magazynka) i nale\u017cy j\u0105 wymieni\u0107.<br>Pami\u0119taj, \u017ce spr\u0119\u017cyn\u0119 warto te\u017c u\u0142o\u017cy\u0107. Co to oznacza? Za\u0142aduj magazynek zbijakami i w\u0142\u00f3\u017c do szafy na noc czy na dzie\u0144. Po tym czasie roz\u0142aduj magazynek i kilka razy go ponownie za\u0142aduj i roz\u0142aduj. Je\u017celi wszystko jest ok, to znaczy \u017ce dostosowanie spr\u0119\u017cyny zosta\u0142o dobrze wykonane. Czasem zdarza si\u0119, \u017ce operacja dostosowania spr\u0119\u017cyny mo\u017ce potrwa\u0107 kilka dni &#8211; przede wszystkim jak robisz to pierwszy raz i nie masz do\u015bwiadczenia. Wi\u0119c nie przejmuj si\u0119 i wykonuje to cierpliwie i bez po\u015bpiechu.<\/p>\n\n\n\n<p>Popularne spr\u0119\u017cyny to:<br><a href=\"https:\/\/shotguncomponents.pl\/34-sprezyny\">https:\/\/shotguncomponents.pl\/34-sprezyny<\/a><br><img loading=\"lazy\" decoding=\"async\" width=\"283\" height=\"283\" class=\"wp-image-138\" style=\"width: 283px;\" src=\"http:\/\/strzelba.org.pl\/wp-content\/uploads\/2024\/11\/comps-light-spring.jpg\" alt=\"\" srcset=\"https:\/\/strzelba.org.pl\/wp-content\/uploads\/2024\/11\/comps-light-spring.jpg 782w, https:\/\/strzelba.org.pl\/wp-content\/uploads\/2024\/11\/comps-light-spring-300x300.jpg 300w, https:\/\/strzelba.org.pl\/wp-content\/uploads\/2024\/11\/comps-light-spring-150x150.jpg 150w, https:\/\/strzelba.org.pl\/wp-content\/uploads\/2024\/11\/comps-light-spring-768x767.jpg 768w\" sizes=\"auto, (max-width: 283px) 100vw, 283px\" \/><br><a href=\"https:\/\/www.innovatac.fi\/tuote\/comps-competition-spring\">https:\/\/www.innovatac.fi\/tuote\/comps-competition-spring<\/a><br>Wspomniane ju\u017c przy okazji magazynk\u00f3w teleskopowych <a href=\"https:\/\/www.facebook.com\/profile.php?id=100069552081283\" data-type=\"link\" data-id=\"https:\/\/www.facebook.com\/profile.php?id=100069552081283\">Custom H8-Guns<\/a><\/p>\n\n\n\n<p>Pami\u0119taj o dw\u00f3ch rzeczach:<br>1. Po jakim\u015b czasie spr\u0119\u017cyna mo\u017ce straci\u0107 swoje w\u0142a\u015bciwo\u015bci.<br>2. Zawsze sprawdzaj magazynek na zbijakach.<\/p>\n","protected":false},"excerpt":{"rendered":"<p>No \u0142aduje si\u0119 jakbym mia\u0142 kciukiem przepycha\u0107 szaf\u0119&#8230; albo ostatni nab\u00f3j nie chce mi wyj\u015b\u0107&#8230; No to trzeba dokona\u0107 zmiany na spr\u0119\u017cynie magazynka.Je\u017celi ci\u0119\u017cko wchodz\u0105 naboje do magazynka, to warto j\u0105 skr\u00f3ci\u0107. R\u00f3b to ostro\u017cnie i najlepiej miej zapasow\u0105 spr\u0119\u017cyn\u0119. Skracaj po jednym zwoju, tak by nie przedobrzy\u0107. Je\u017celi naboje nie chc\u0105 wychodzi\u0107 z magazynka, [&hellip;]<\/p>\n","protected":false},"author":2,"featured_media":0,"parent":0,"menu_order":0,"comment_status":"closed","ping_status":"closed","template":"","meta":{"footnotes":""},"class_list":["post-126","page","type-page","status-publish","hentry"],"_links":{"self":[{"href":"https:\/\/strzelba.org.pl\/index.php\/wp-json\/wp\/v2\/pages\/126","targetHints":{"allow":["GET"]}}],"collection":[{"href":"https:\/\/strzelba.org.pl\/index.php\/wp-json\/wp\/v2\/pages"}],"about":[{"href":"https:\/\/strzelba.org.pl\/index.php\/wp-json\/wp\/v2\/types\/page"}],"author":[{"embeddable":true,"href":"https:\/\/strzelba.org.pl\/index.php\/wp-json\/wp\/v2\/users\/2"}],"replies":[{"embeddable":true,"href":"https:\/\/strzelba.org.pl\/index.php\/wp-json\/wp\/v2\/comments?post=126"}],"version-history":[{"count":4,"href":"https:\/\/strzelba.org.pl\/index.php\/wp-json\/wp\/v2\/pages\/126\/revisions"}],"predecessor-version":[{"id":173,"href":"https:\/\/strzelba.org.pl\/index.php\/wp-json\/wp\/v2\/pages\/126\/revisions\/173"}],"wp:attachment":[{"href":"https:\/\/strzelba.org.pl\/index.php\/wp-json\/wp\/v2\/media?parent=126"}],"curies":[{"name":"wp","href":"https:\/\/api.w.org\/{rel}","templated":true}]}}