{"id":123,"date":"2024-11-09T22:06:13","date_gmt":"2024-11-09T21:06:13","guid":{"rendered":"https:\/\/strzelba.org.pl\/?page_id=123"},"modified":"2024-11-10T10:01:55","modified_gmt":"2024-11-10T09:01:55","slug":"przedluzka-magazynka","status":"publish","type":"page","link":"https:\/\/strzelba.org.pl\/index.php\/przedluzka-magazynka\/","title":{"rendered":"Przed\u0142u\u017cka magazynka"},"content":{"rendered":"\n<p>Zakupi\u0142e\u015b strzelb\u0119 i ma ona pojemno\u015b\u0107 5 &#8211; 7 szt. amunicji. Jednak by startowa\u0107 na zawodach warto mie\u0107 10 &#8211; 14. Benelli Nova Speed oferuje od razu 12 szt., Beretta 1301 Com Pro 10 szt.<\/p>\n\n\n\n<p>Mo\u017cesz zakupi\u0107 magazynek, magazynek teleskopowy lub przed\u0142u\u017ck\u0119 magazynka, kt\u00f3ra jest ta\u0144sz\u0105 opcj\u0105. Przyk\u0142adowo do popularnych strzelb Doruka (Eternal) mo\u017cna dokupi\u0107 przed\u0142u\u017cki +3, +5 i +9 w cenie 250 z\u0142:<\/p>\n\n\n\n<p><a href=\"https:\/\/sklep.magazynuzbrojenia.pl\/pl\/p\/Przedluzka-Magazynka-Eternal-3\/1740\">https:\/\/sklep.magazynuzbrojenia.pl\/pl\/p\/Przedluzka-Magazynka-Eternal-3\/1740<\/a><br><a href=\"https:\/\/sklep.magazynuzbrojenia.pl\/pl\/p\/Przedluzka-Magazynka-Eternal-5\/1741\">https:\/\/sklep.magazynuzbrojenia.pl\/pl\/p\/Przedluzka-Magazynka-Eternal-5\/1741<\/a><br><a href=\"https:\/\/sklep.magazynuzbrojenia.pl\/pl\/p\/Przedluzka-Magazynka-Eternal-9\/1742\">https:\/\/sklep.magazynuzbrojenia.pl\/pl\/p\/Przedluzka-Magazynka-Eternal-9\/1742<\/a><br>Oczywi\u015bcie do innych strzelb mo\u017cesz znale\u017a\u0107 podobne rozwi\u0105zania, ale warto przed zakupem strzelby sprawdzi\u0107 czy mo\u017cna dokona\u0107 takiego rozszerzania. <br>Warto te\u017c dopyta\u0107 czy w zestawie znajduje si\u0119 spr\u0119\u017cyna magazynka i dopasowa\u0107 j\u0105 do magazynka.<\/p>\n\n\n\n<p><\/p>\n","protected":false},"excerpt":{"rendered":"<p>Zakupi\u0142e\u015b strzelb\u0119 i ma ona pojemno\u015b\u0107 5 &#8211; 7 szt. amunicji. Jednak by startowa\u0107 na zawodach warto mie\u0107 10 &#8211; 14. Benelli Nova Speed oferuje od razu 12 szt., Beretta 1301 Com Pro 10 szt. Mo\u017cesz zakupi\u0107 magazynek, magazynek teleskopowy lub przed\u0142u\u017ck\u0119 magazynka, kt\u00f3ra jest ta\u0144sz\u0105 opcj\u0105. Przyk\u0142adowo do popularnych strzelb Doruka (Eternal) mo\u017cna dokupi\u0107 [&hellip;]<\/p>\n","protected":false},"author":2,"featured_media":0,"parent":0,"menu_order":0,"comment_status":"closed","ping_status":"closed","template":"","meta":{"footnotes":""},"class_list":["post-123","page","type-page","status-publish","hentry"],"_links":{"self":[{"href":"https:\/\/strzelba.org.pl\/index.php\/wp-json\/wp\/v2\/pages\/123","targetHints":{"allow":["GET"]}}],"collection":[{"href":"https:\/\/strzelba.org.pl\/index.php\/wp-json\/wp\/v2\/pages"}],"about":[{"href":"https:\/\/strzelba.org.pl\/index.php\/wp-json\/wp\/v2\/types\/page"}],"author":[{"embeddable":true,"href":"https:\/\/strzelba.org.pl\/index.php\/wp-json\/wp\/v2\/users\/2"}],"replies":[{"embeddable":true,"href":"https:\/\/strzelba.org.pl\/index.php\/wp-json\/wp\/v2\/comments?post=123"}],"version-history":[{"count":2,"href":"https:\/\/strzelba.org.pl\/index.php\/wp-json\/wp\/v2\/pages\/123\/revisions"}],"predecessor-version":[{"id":134,"href":"https:\/\/strzelba.org.pl\/index.php\/wp-json\/wp\/v2\/pages\/123\/revisions\/134"}],"wp:attachment":[{"href":"https:\/\/strzelba.org.pl\/index.php\/wp-json\/wp\/v2\/media?parent=123"}],"curies":[{"name":"wp","href":"https:\/\/api.w.org\/{rel}","templated":true}]}}