{"id":11,"date":"2024-11-08T07:19:14","date_gmt":"2024-11-08T06:19:14","guid":{"rendered":"https:\/\/strzelba.org.pl\/?page_id=11"},"modified":"2024-11-09T21:42:56","modified_gmt":"2024-11-09T20:42:56","slug":"jaka-bron","status":"publish","type":"page","link":"https:\/\/strzelba.org.pl\/index.php\/jaka-bron\/","title":{"rendered":"Jaka bro\u0144"},"content":{"rendered":"\n<p>Tutaj musimy najpierw porozmawia\u0107 porozmawia\u0107 o przepisach, o tym co chcesz strzela\u0107 i o tym na co mo\u017cesz sobie pozwoli\u0107.<\/p>\n\n\n\n<p>Najpierw zobacz jakie klasy sprz\u0119towe s\u0105 dost\u0119pne <a href=\"https:\/\/strzelba.org.pl\/index.php\/cos-o-klasach-sprzetowych\/\" data-type=\"page\" data-id=\"39\">LINK <\/a><\/p>\n\n\n\n<p>Je\u017celi ju\u017c wiesz co chcesz strzela\u0107, to zastan\u00f3w si\u0119 czy:<\/p>\n\n\n\n<ol class=\"wp-block-list\">\n<li>Na pewno chc\u0119 wej\u015b\u0107 na 100% w strzelb\u0119 dynamiczn\u0105 i strzela\u0107 j\u0105 przez kilka najbli\u017cszych lat na wszystkich mo\u017cliwych zawodach;<\/li>\n\n\n\n<li>Czy m\u00f3j bud\u017cet ud\u017awignie dany zakup i czy b\u0119d\u0119 dalej m\u00f3g\u0142 sobie pozwoli\u0107 na treningi, zawody i dodatkowy osprz\u0119t. <\/li>\n<\/ol>\n\n\n\n<p>Na pocz\u0105tku om\u00f3wmy punkt 1. Je\u017celi wiesz na 100%, \u017ce strzelba to twoja mi\u0142o\u015b\u0107, to kup to co jest najlepsze na rynku. Wydatek za podstaw\u0119 jest rz\u0119du 6000-10000 z\u0142. Tak, za sam\u0105 strzelb\u0119. Pami\u0119taj, \u017ce jak oka\u017ce si\u0119 \u017ce to nie jest to, to odsprzedasz j\u0105 jako u\u017cywan\u0105 o 1000-2000 z\u0142 taniej.<\/p>\n\n\n\n<p>Je\u017celi nie jeste\u015b pewny czy strzelba jest dla ciebie to mo\u017cesz zakupi\u0107 jeden z tureckich wyrob\u00f3w za 1500-3000 z\u0142 i p\u00f3\u017aniej odsprzeda\u0107 ze strat\u0105 100-500 z\u0142 lub zostawi\u0107 w szafie i wyrabia\u0107 coroczne starty w strzelbie.<\/p>\n\n\n\n<p>Taka jest prawda, \u017ce nasza strzelecka przygoda potrafi w r\u00f3\u017cny spos\u00f3b si\u0119 u\u0142o\u017cy\u0107 i nale\u017cy mie\u0107 \u015bwiadomo\u015b\u0107, \u017ce do\u015b\u0107 cz\u0119sto po prostu zmieniaj\u0105 si\u0119 nam fascynacje.<\/p>\n\n\n\n<p>Punkt drugi. Pami\u0119taj, \u017ce zakup strzelby to dopiero pocz\u0105tek. Do tego dochodzi pozosta\u0142e wyposa\u017cenie jak pas, \u0142adownice, modyfikacje, treningi, amunicja i zawody. Zawody to koszt od 200 do 800 z\u0142, dojazd to kolejne 50-300 z\u0142, amunicja to znowu 150-400 z\u0142 itd.<\/p>\n\n\n\n<p>No dobra, ale ja chc\u0119 wiedzie\u0107 co kupi\u0107!<\/p>\n\n\n\n<p>No to idziemy:<\/p>\n\n\n\n<p><strong>Strzelba Standard Manual<\/strong><\/p>\n\n\n\n<p>Jak masz odpowiedni zas\u00f3b funduszy to kupujesz Benelli Nova Speed. Po prostu topowa pompka. Je\u017celi jednak ogranicza ci\u0119 bud\u017cet, to szukasz u\u017cywanej (mo\u017cesz kupi\u0107 o 1000 z\u0142 taniej) lub kupujesz jedn\u0105 z tureckich strzelb. Np za 1590 z\u0142 dawniej Doruka, a obecnie Eternal Gladiator Advanced 24&#8243;. Warto popyta\u0107 co jest obecnie na rynku, bo turecki asortyment si\u0119 zmienia. Szukaj pompki z wymiennymi czokami, mo\u017cliwo\u015bci\u0105 dokupienia magazynka, do kt\u00f3rego wejdzie 12-13 naboi.<\/p>\n\n\n\n<p>Je\u017celi oka\u017ce si\u0119 \u017ce strzelba jest dla ciebie, to i tak kupisz Benelli Nova Speed, a aktualna zostanie do zabawy lub odsprzedasz j\u0105 komu\u015b innemu.<\/p>\n\n\n\n<p><strong>Strzelba Standard<\/strong><\/p>\n\n\n\n<p>Je\u017celi bud\u017cet ci\u0119 nie ogranicza, to kupujesz Berett\u0119 1301 Comp Pro, aktualnie chyba najpopularniejsza strzelba w\u015br\u00f3d zawodnik\u00f3w Mistrzostw Polski i Pucharu Polski. Mo\u017cesz dokupi\u0107 du\u017c\u0105 ilo\u015b\u0107 dodatk\u00f3w oraz posiada ona bardzo dobry serwis. Niestety cena to oko\u0142o 8500 z\u0142.<\/p>\n\n\n\n<p>Nast\u0119pnie Benelli M2 Speed, te\u017c bardzo popularna strzelba, ale czasem bywa kapry\u015bna. Cena takiej to oko\u0142o 8800 z\u0142.<\/p>\n\n\n\n<p>Mniej popularne to r\u00f3\u017cne modele Bredy (6000 &#8211; 8000 z\u0142) oraz Mossberg 940 JM Pro (oko\u0142o 5000 z\u0142).<\/p>\n\n\n\n<p>Oczywi\u015bcie jak jednak masz ograniczenia bud\u017cetowe to pozostaj\u0105 r\u00f3\u017cne modele strzelb tureckich, zaczynaj\u0105ce si\u0119 cenowo od 2000 z\u0142. Jednak zawsze jest co\u015b za co\u015b.<\/p>\n\n\n\n<p><strong>Strzelba Modified<\/strong><\/p>\n\n\n\n<p>To co poda\u0142em w strzelbie Standard + do tego zakup kolimatora i przer\u00f3bka pod kompensator.<\/p>\n\n\n\n<p><strong>Strzelba Open<\/strong><\/p>\n\n\n\n<p>Pewnie Saigi 12 ju\u017c nie dostaniesz, a je\u015bli nawet jak\u0105\u015b zlokalizujesz, to jej cena b\u0119dzie waha\u0107 si\u0119 od 10000 do 20000 z\u0142. Za to sporo znajdziesz r\u00f3\u017cnego rodzaju strzelb tureckich&#8230; jedne lepsze, inne gorsze (ceny od 2000 do 5000 z\u0142). Pami\u0119taj o zakupie kilku dodatkowych magazynk\u00f3w oraz przyrz\u0105d\u00f3w do ich czyszczenia. Oczywi\u015bcie do tego kolimator i kompensator.<\/p>\n\n\n\n<p><strong>Co dalej?<\/strong><\/p>\n\n\n\n<p>Ka\u017cda z zakupionych przez ciebie strzelb powinna posiada\u0107 mo\u017cliwo\u015b\u0107 zmiany i monta\u017cu czok\u00f3w. Nie wszystkie mog\u0105 posiada\u0107 ca\u0142y komplet czok\u00f3w i zakup takich dodatkowych to cena od 200 z\u0142 za komplet lub sztuk\u0119.<\/p>\n\n\n\n<p>Tak samo z czasem zakupisz magazynek teleskopowy. Cena takowego waha si\u0119 od 1000 do 2000 z\u0142. B\u0119dziesz chcia\u0142 otworzy\u0107 port \u0142adowania (tzw podci\u0119cie) to wydatek troch\u0119 kolejnych PLN\u00f3w. Mo\u017cliwe, \u017ce zmienisz kolb\u0119 lub j\u0105 podetniesz bo jest za d\u0142uga, oraz zmienisz jej k\u0105t.<\/p>\n\n\n\n<p>Dlatego podejd\u017a rozwa\u017cnie do tego co chcesz zakupi\u0107.<\/p>\n","protected":false},"excerpt":{"rendered":"<p>Tutaj musimy najpierw porozmawia\u0107 porozmawia\u0107 o przepisach, o tym co chcesz strzela\u0107 i o tym na co mo\u017cesz sobie pozwoli\u0107. Najpierw zobacz jakie klasy sprz\u0119towe s\u0105 dost\u0119pne LINK Je\u017celi ju\u017c wiesz co chcesz strzela\u0107, to zastan\u00f3w si\u0119 czy: Na pocz\u0105tku om\u00f3wmy punkt 1. Je\u017celi wiesz na 100%, \u017ce strzelba to twoja mi\u0142o\u015b\u0107, to kup to [&hellip;]<\/p>\n","protected":false},"author":2,"featured_media":0,"parent":0,"menu_order":0,"comment_status":"closed","ping_status":"closed","template":"","meta":{"footnotes":""},"class_list":["post-11","page","type-page","status-publish","hentry"],"_links":{"self":[{"href":"https:\/\/strzelba.org.pl\/index.php\/wp-json\/wp\/v2\/pages\/11","targetHints":{"allow":["GET"]}}],"collection":[{"href":"https:\/\/strzelba.org.pl\/index.php\/wp-json\/wp\/v2\/pages"}],"about":[{"href":"https:\/\/strzelba.org.pl\/index.php\/wp-json\/wp\/v2\/types\/page"}],"author":[{"embeddable":true,"href":"https:\/\/strzelba.org.pl\/index.php\/wp-json\/wp\/v2\/users\/2"}],"replies":[{"embeddable":true,"href":"https:\/\/strzelba.org.pl\/index.php\/wp-json\/wp\/v2\/comments?post=11"}],"version-history":[{"count":7,"href":"https:\/\/strzelba.org.pl\/index.php\/wp-json\/wp\/v2\/pages\/11\/revisions"}],"predecessor-version":[{"id":112,"href":"https:\/\/strzelba.org.pl\/index.php\/wp-json\/wp\/v2\/pages\/11\/revisions\/112"}],"wp:attachment":[{"href":"https:\/\/strzelba.org.pl\/index.php\/wp-json\/wp\/v2\/media?parent=11"}],"curies":[{"name":"wp","href":"https:\/\/api.w.org\/{rel}","templated":true}]}}