{"id":10,"date":"2024-11-08T07:19:14","date_gmt":"2024-11-08T06:19:14","guid":{"rendered":"https:\/\/strzelba.org.pl\/?page_id=10"},"modified":"2024-11-19T18:56:11","modified_gmt":"2024-11-19T17:56:11","slug":"wyposazenie","status":"publish","type":"page","link":"https:\/\/strzelba.org.pl\/index.php\/wyposazenie\/","title":{"rendered":"Podstawowe wyposa\u017cenie"},"content":{"rendered":"\n<p>Oczywi\u015bcie okulary i s\u0142uchawki ju\u017c masz &#8211; bez tego nie wybieraj si\u0119 na strzelnic\u0119. Mo\u017ce w czasie trening\u00f3w okaza\u0107 si\u0119, \u017ce jednak s\u0142uchawki s\u0105 ma\u0142o wygodne i je zmienisz na inne, wr\u0119cz zakupisz douszne. Warto poobserwowa\u0107 koleg\u00f3w na zawodach.<\/p>\n\n\n\n<p>Je\u017celi pominiemy klas\u0119 Open to wyposa\u017cenie dla pozosta\u0142ych klas jest mniej wi\u0119cej podobne.<\/p>\n\n\n\n<p><strong>\u0141adownice <\/strong><\/p>\n\n\n\n<p>Aktualnie mamy dost\u0119pne trzy rodzaje \u0142adownic:<\/p>\n\n\n\n<ol class=\"wp-block-list\">\n<li>Tanie tzw chi\u0144czyki\/paj\u0105czki czyli typowe na 8 sztuk do kupienia za 150-200 z\u0142 za sztuk\u0119. Najlepiej zakupi\u0107 3 sztuki, wi\u0119c komplet to oko\u0142o 450 &#8211; 600 z\u0142. Wad\u0105 tych \u0142adownic jest p\u0119kanie, z mojego do\u015bwiadczenia wynika \u017ce szkodzi im d\u0142ugie wystawienie na nisk\u0105 temperatur\u0119 (np. noc w aucie) i ich u\u017cywanie na zawodach. Sam ich pocz\u0105tkowo u\u017cywa\u0142em i przeszed\u0142em z nimi niejedne zawody.<br><img loading=\"lazy\" decoding=\"async\" width=\"300\" height=\"274\" class=\"wp-image-53\" style=\"width: 300px;\" src=\"http:\/\/strzelba.org.pl\/wp-content\/uploads\/2024\/11\/pajaczek-ladownice.png\" alt=\"\" srcset=\"https:\/\/strzelba.org.pl\/wp-content\/uploads\/2024\/11\/pajaczek-ladownice.png 598w, https:\/\/strzelba.org.pl\/wp-content\/uploads\/2024\/11\/pajaczek-ladownice-300x274.png 300w\" sizes=\"auto, (max-width: 300px) 100vw, 300px\" \/><\/li>\n\n\n\n<li>Drukowane 3d. Jest kilka ofert takich \u0142adownic w cenie oko\u0142o 700 z\u0142. Warto od razu zam\u00f3wi\u0107 kilka cz\u0119\u015bci zamiennych (przede wszystkim dolnych &#8222;\u0142apek&#8221;). Z takimi \u0142adownicami ludzie startuj\u0105 nawet na zawodach Pucharu Polski czy Mistrzostw Polski.<br><img loading=\"lazy\" decoding=\"async\" width=\"300\" height=\"225\" class=\"wp-image-54\" style=\"width: 300px;\" src=\"http:\/\/strzelba.org.pl\/wp-content\/uploads\/2024\/11\/HlBcQR2-scaled.jpeg\" alt=\"\" srcset=\"https:\/\/strzelba.org.pl\/wp-content\/uploads\/2024\/11\/HlBcQR2-scaled.jpeg 2560w, https:\/\/strzelba.org.pl\/wp-content\/uploads\/2024\/11\/HlBcQR2-300x225.jpeg 300w, https:\/\/strzelba.org.pl\/wp-content\/uploads\/2024\/11\/HlBcQR2-1024x768.jpeg 1024w, https:\/\/strzelba.org.pl\/wp-content\/uploads\/2024\/11\/HlBcQR2-768x576.jpeg 768w, https:\/\/strzelba.org.pl\/wp-content\/uploads\/2024\/11\/HlBcQR2-1536x1152.jpeg 1536w, https:\/\/strzelba.org.pl\/wp-content\/uploads\/2024\/11\/HlBcQR2-2048x1536.jpeg 2048w\" sizes=\"auto, (max-width: 300px) 100vw, 300px\" \/><br>Jedna z os\u00f3b oferuj\u0105cych taki druk to Dudi (telefon udost\u0119pniam za jego zgod\u0105 Pi\u0119\u0107 Zero 6-9 Osiem 5-69 Sze\u015b\u0107) &#8211; wi\u0119cej znajdziesz na forum Braterstwa (wymaga zalogowania):<br><a href=\"https:\/\/braterstwo.eu\/tforum\/t\/1369660\">https:\/\/braterstwo.eu\/tforum\/t\/1369660<\/a><br>lub bezpo\u015brednio na stronie Dudiego <a href=\"https:\/\/www.dudiipsc.pl\/sprzet-do-ipsc\/\">https:\/\/www.dudiipsc.pl\/sprzet-do-ipsc\/<\/a><\/li>\n\n\n\n<li>\u0141adownice renomowanych firm. Koszt takich to od 1250 do 2000 z\u0142. Przyk\u0142ady:<br><a href=\"https:\/\/shotguncomponents.pl\/ladownice-i-pasy\/35-king-competition-28-szt-rh\">https:\/\/shotguncomponents.pl\/ladownice-i-pasy\/35-king-competition-28-szt-rh<\/a><br><img loading=\"lazy\" decoding=\"async\" width=\"350\" height=\"202\" class=\"wp-image-81\" style=\"width: 350px;\" src=\"http:\/\/strzelba.org.pl\/wp-content\/uploads\/2024\/11\/king.png\" alt=\"\" srcset=\"https:\/\/strzelba.org.pl\/wp-content\/uploads\/2024\/11\/king.png 1598w, https:\/\/strzelba.org.pl\/wp-content\/uploads\/2024\/11\/king-300x173.png 300w, https:\/\/strzelba.org.pl\/wp-content\/uploads\/2024\/11\/king-1024x590.png 1024w, https:\/\/strzelba.org.pl\/wp-content\/uploads\/2024\/11\/king-768x442.png 768w, https:\/\/strzelba.org.pl\/wp-content\/uploads\/2024\/11\/king-1536x884.png 1536w\" sizes=\"auto, (max-width: 350px) 100vw, 350px\" \/><br><a href=\"https:\/\/www.halinka-arms.pl\/ladownice\/3227-ladownica-do-strzelby-ipsc-28-nabojow-nowy-wzor-ergaltytan-awen-innovations.html\">https:\/\/www.halinka-arms.pl\/ladownice\/3227-ladownica-do-strzelby-ipsc-28-nabojow-nowy-wzor-ergaltytan-awen-innovations.html<\/a><br><\/li>\n<\/ol>\n\n\n\n<p>No i co wybra\u0107? Jak zwykle kwestia taka, czy ju\u017c wiesz czy to jest to, i w kt\u00f3rym momencie swojej kariery strzelca jeste\u015b. Ja osobi\u015bcie przeszed\u0142em przez wszystkie wersje i mi\u0119dzy punktem 2 i 3 r\u00f3\u017cnica jest ma\u0142a. Jedyny minus, \u017ce czasem w przypadku druku musia\u0142em wymieni\u0107 cz\u0119\u015b\u0107 (na szcz\u0119\u015bcie nie na zawodach).<\/p>\n\n\n\n<p><\/p>\n\n\n\n<p><strong>Pas strzelecki<\/strong><\/p>\n\n\n\n<ol class=\"wp-block-list\">\n<li>Je\u017celi masz \u0142adownice paj\u0105czki to mo\u017cesz kupi\u0107 zwyk\u0142y pas za 70-100 z\u0142 jak do pistoletu i na nim montowa\u0107 \u0142adownice. <br><a href=\"https:\/\/gunfire.com\/pl\/products\/pas-oporzadzeniowy-ipsc-special-niebieski-1152216595.html\">https:\/\/gunfire.com\/pl\/products\/pas-oporzadzeniowy-ipsc-special-niebieski-1152216595.html<\/a><br><img loading=\"lazy\" decoding=\"async\" width=\"300\" height=\"191\" class=\"wp-image-55\" style=\"width: 300px;\" src=\"http:\/\/strzelba.org.pl\/wp-content\/uploads\/2024\/11\/pas-ipsc.png\" alt=\"\" srcset=\"https:\/\/strzelba.org.pl\/wp-content\/uploads\/2024\/11\/pas-ipsc.png 1006w, https:\/\/strzelba.org.pl\/wp-content\/uploads\/2024\/11\/pas-ipsc-300x191.png 300w, https:\/\/strzelba.org.pl\/wp-content\/uploads\/2024\/11\/pas-ipsc-768x490.png 768w\" sizes=\"auto, (max-width: 300px) 100vw, 300px\" \/><\/li>\n\n\n\n<li>Pas dla sztangist\u00f3w czy innych sport\u00f3w si\u0142owych firmy Olimp oraz obszycie go rzepem. Koszt samego pasa to 30-50 z\u0142 plus rzep i obszycie. W sumie mo\u017cna zmie\u015bci\u0107 si\u0119 w 100 z\u0142. \u0141adownice mocowane s\u0105 na nim za pomoc\u0105 rzep\u00f3w. <br><img loading=\"lazy\" decoding=\"async\" width=\"300\" height=\"285\" class=\"wp-image-56\" style=\"width: 300px;\" src=\"http:\/\/strzelba.org.pl\/wp-content\/uploads\/2024\/11\/pas-olimp.png\" alt=\"\" srcset=\"https:\/\/strzelba.org.pl\/wp-content\/uploads\/2024\/11\/pas-olimp.png 818w, https:\/\/strzelba.org.pl\/wp-content\/uploads\/2024\/11\/pas-olimp-300x285.png 300w, https:\/\/strzelba.org.pl\/wp-content\/uploads\/2024\/11\/pas-olimp-768x730.png 768w\" sizes=\"auto, (max-width: 300px) 100vw, 300px\" \/><\/li>\n\n\n\n<li>Pas przygotowany do IPSC. Cena od 500 do 1000 z\u0142. Przyk\u0142adowo:<br><a href=\"https:\/\/shotguncomponents.pl\/ladownice-i-pasy\/41-pas-strzelbowy-king-competition-rozm-l\">https:\/\/shotguncomponents.pl\/ladownice-i-pasy\/41-pas-strzelbowy-king-competition-rozm-l<\/a><br><img loading=\"lazy\" decoding=\"async\" width=\"300\" height=\"227\" class=\"wp-image-80\" style=\"width: 300px;\" src=\"http:\/\/strzelba.org.pl\/wp-content\/uploads\/2024\/11\/pas.png\" alt=\"\" srcset=\"https:\/\/strzelba.org.pl\/wp-content\/uploads\/2024\/11\/pas.png 1197w, https:\/\/strzelba.org.pl\/wp-content\/uploads\/2024\/11\/pas-300x227.png 300w, https:\/\/strzelba.org.pl\/wp-content\/uploads\/2024\/11\/pas-1024x776.png 1024w, https:\/\/strzelba.org.pl\/wp-content\/uploads\/2024\/11\/pas-768x582.png 768w\" sizes=\"auto, (max-width: 300px) 100vw, 300px\" \/><\/li>\n<\/ol>\n\n\n\n<p><\/p>\n\n\n\n<p><strong>Caddy<\/strong><\/p>\n\n\n\n<p>Na pasie mo\u017ce znale\u017a\u0107 si\u0119 te\u017c tzw. starter caddy czyli loader assist. Mo\u017cesz go zakupi\u0107 za oko\u0142o 200 z\u0142, np:<br><a href=\"https:\/\/shotguncomponents.pl\/ladownice-i-pasy\/66-lamra9-shotgun-loading-assist\">https:\/\/shotguncomponents.pl\/ladownice-i-pasy\/66-lamra9-shotgun-loading-assist<\/a><br><img loading=\"lazy\" decoding=\"async\" width=\"300\" height=\"260\" class=\"wp-image-82\" style=\"width: 300px;\" src=\"http:\/\/strzelba.org.pl\/wp-content\/uploads\/2024\/11\/caddy.png\" alt=\"\" srcset=\"https:\/\/strzelba.org.pl\/wp-content\/uploads\/2024\/11\/caddy.png 966w, https:\/\/strzelba.org.pl\/wp-content\/uploads\/2024\/11\/caddy-300x260.png 300w, https:\/\/strzelba.org.pl\/wp-content\/uploads\/2024\/11\/caddy-768x665.png 768w\" sizes=\"auto, (max-width: 300px) 100vw, 300px\" \/><br>S\u0105 te\u017c dost\u0119pne projekty do samodzielnego druku. Wystarczy podklei\u0107 je rzepem.<br><a href=\"https:\/\/www.thingiverse.com\/thing:5527952\">https:\/\/www.thingiverse.com\/thing:5527952<\/a><br><a href=\"https:\/\/www.thingiverse.com\/thing:5661412\">https:\/\/www.thingiverse.com\/thing:5661412<\/a><br><img loading=\"lazy\" decoding=\"async\" width=\"900\" height=\"402\" class=\"wp-image-150\" style=\"width: 900px;\" src=\"http:\/\/strzelba.org.pl\/wp-content\/uploads\/2024\/11\/3-cady.png\" alt=\"\" srcset=\"https:\/\/strzelba.org.pl\/wp-content\/uploads\/2024\/11\/3-cady.png 1378w, https:\/\/strzelba.org.pl\/wp-content\/uploads\/2024\/11\/3-cady-300x134.png 300w, https:\/\/strzelba.org.pl\/wp-content\/uploads\/2024\/11\/3-cady-1024x458.png 1024w, https:\/\/strzelba.org.pl\/wp-content\/uploads\/2024\/11\/3-cady-768x343.png 768w\" sizes=\"auto, (max-width: 900px) 100vw, 900px\" \/><br><\/p>\n\n\n\n<p><strong>Flaga bezpiecze\u0144stwa<\/strong><\/p>\n\n\n\n<p>Bardzo cz\u0119sto zapominamy o tej cz\u0119\u015bci wyposa\u017cenia. Warto zaopatrzy\u0107 si\u0119 w takow\u0105 &#8211; mo\u017cna dosta\u0107 j\u0105 ju\u017c z zakupion\u0105 strzelb\u0105. Mo\u017cna doda\u0107 w\u0142asn\u0105 przywieszk\u0119 do niej, tak by by\u0142o \u0142atwiej rozpozna\u0107 swoj\u0105 strzelb\u0119 na stojaku \ud83d\ude09<br><a href=\"https:\/\/gatshop.pl\/akcesoria\/449-daa_alpha_chamber_flag_12ga.html\">https:\/\/gatshop.pl\/akcesoria\/449-daa_alpha_chamber_flag_12ga.html<\/a><br>Mo\u017cesz te\u017c zawsze wydrukowa\u0107 tak\u0105 flag\u0119:<br><a href=\"https:\/\/www.thingiverse.com\/thing:5443139\">https:\/\/www.thingiverse.com\/thing:5443139<\/a><br><a href=\"https:\/\/www.thingiverse.com\/thing:1340776\">https:\/\/www.thingiverse.com\/thing:1340776<\/a><br><img loading=\"lazy\" decoding=\"async\" width=\"300\" height=\"195\" class=\"wp-image-161\" style=\"width: 300px;\" src=\"http:\/\/strzelba.org.pl\/wp-content\/uploads\/2024\/11\/Safety-Flag.png\" alt=\"\" srcset=\"https:\/\/strzelba.org.pl\/wp-content\/uploads\/2024\/11\/Safety-Flag.png 1014w, https:\/\/strzelba.org.pl\/wp-content\/uploads\/2024\/11\/Safety-Flag-300x195.png 300w, https:\/\/strzelba.org.pl\/wp-content\/uploads\/2024\/11\/Safety-Flag-768x500.png 768w\" sizes=\"auto, (max-width: 300px) 100vw, 300px\" \/><\/p>\n\n\n\n<p><\/p>\n\n\n\n<p>Od siebie dodam jeszcze co\u015b co mi bardzo pomaga i bez czego nie wyobra\u017cam sobie treningu i zawod\u00f3w. <strong>Kamera <\/strong>lub <strong>telefon <\/strong>z dobr\u0105 kamer\u0105. Takie nagranie pomo\u017ce ci p\u00f3\u017aniej dokona\u0107 analizy tego co zosta\u0142o zrobione &#8211; co poprawi\u0107, a co wykonane zosta\u0142o dobrze.<\/p>\n","protected":false},"excerpt":{"rendered":"<p>Oczywi\u015bcie okulary i s\u0142uchawki ju\u017c masz &#8211; bez tego nie wybieraj si\u0119 na strzelnic\u0119. Mo\u017ce w czasie trening\u00f3w okaza\u0107 si\u0119, \u017ce jednak s\u0142uchawki s\u0105 ma\u0142o wygodne i je zmienisz na inne, wr\u0119cz zakupisz douszne. Warto poobserwowa\u0107 koleg\u00f3w na zawodach. Je\u017celi pominiemy klas\u0119 Open to wyposa\u017cenie dla pozosta\u0142ych klas jest mniej wi\u0119cej podobne. \u0141adownice Aktualnie mamy [&hellip;]<\/p>\n","protected":false},"author":2,"featured_media":0,"parent":0,"menu_order":0,"comment_status":"closed","ping_status":"closed","template":"","meta":{"footnotes":""},"class_list":["post-10","page","type-page","status-publish","hentry"],"_links":{"self":[{"href":"https:\/\/strzelba.org.pl\/index.php\/wp-json\/wp\/v2\/pages\/10","targetHints":{"allow":["GET"]}}],"collection":[{"href":"https:\/\/strzelba.org.pl\/index.php\/wp-json\/wp\/v2\/pages"}],"about":[{"href":"https:\/\/strzelba.org.pl\/index.php\/wp-json\/wp\/v2\/types\/page"}],"author":[{"embeddable":true,"href":"https:\/\/strzelba.org.pl\/index.php\/wp-json\/wp\/v2\/users\/2"}],"replies":[{"embeddable":true,"href":"https:\/\/strzelba.org.pl\/index.php\/wp-json\/wp\/v2\/comments?post=10"}],"version-history":[{"count":15,"href":"https:\/\/strzelba.org.pl\/index.php\/wp-json\/wp\/v2\/pages\/10\/revisions"}],"predecessor-version":[{"id":183,"href":"https:\/\/strzelba.org.pl\/index.php\/wp-json\/wp\/v2\/pages\/10\/revisions\/183"}],"wp:attachment":[{"href":"https:\/\/strzelba.org.pl\/index.php\/wp-json\/wp\/v2\/media?parent=10"}],"curies":[{"name":"wp","href":"https:\/\/api.w.org\/{rel}","templated":true}]}}